{"id":5227,"date":"2016-05-17T07:53:02","date_gmt":"2016-05-17T07:53:02","guid":{"rendered":"http:\/\/www.valicon.net\/ibm-partnerji\/"},"modified":"2017-08-28T13:54:57","modified_gmt":"2017-08-28T13:54:57","slug":"ibm-partnerji","status":"publish","type":"page","link":"https:\/\/oldwww.valicon.net\/bs\/ibm-partnerji\/","title":{"rendered":"IBM Poslovni partner"},"content":{"rendered":"<p style=\"text-align: center;\"><a href=\"http:\/\/www.valicon.net\/wp-content\/uploads\/2016\/06\/IBM_logo.png\" data-rel=\"lightbox-image-0\" data-rl_title=\"\" data-rl_caption=\"\" title=\"\"><img loading=\"lazy\" class=\"alignnone size-medium wp-image-2790\" src=\"http:\/\/www.valicon.net\/wp-content\/uploads\/2016\/06\/IBM_logo-300x120.png\" alt=\"IBM_logo\" width=\"300\" height=\"120\" srcset=\"https:\/\/oldwww.valicon.net\/wp-content\/uploads\/2016\/06\/IBM_logo-300x120.png 300w, https:\/\/oldwww.valicon.net\/wp-content\/uploads\/2016\/06\/IBM_logo.png 727w\" sizes=\"(max-width: 300px) 100vw, 300px\" \/><\/a><\/p>\n<p>Valicon je IBM Business Partner od 2010. godine.<\/p>\n<p>Valicon je napredni poslovni partner IBM (IBM Advanced Business Partner).<\/p>\n<ul>\n<li>Pru\u017eamo usluge i podr\u0161ku.<\/li>\n<li>Ovla\u0161teni smo partner za software opremu kompanije Value Plus.<\/li>\n<li>Valicon je certificirani prodava\u010d i pru\u017eatelj usluga za proizvode:\n<ul>\n<li>IBM SPSS Statistics,<\/li>\n<li>IBM SPSS Modeler.<\/li>\n<\/ul>\n<\/li>\n<\/ul>\n<p>Kao IBM Business Partner nudimo certificirane usluge, koje uklju\u010duju:<\/p>\n<ul>\n<li>Analitiku:\n<ul>\n<li>segmentacija klijenata,<\/li>\n<li>direktni marketing,<\/li>\n<li>poslovna analitika i izvje\u0161tavanje,<\/li>\n<li>predvi\u0111anje,<\/li>\n<li>simulacije,<\/li>\n<li>optimizacija poslovnih procesa,<\/li>\n<li>analiza procesa odlu\u010divanja kupaca.<\/li>\n<\/ul>\n<\/li>\n<li>Prediktivna analitka:\n<ul>\n<li>napredna segmentacija klijenata,<\/li>\n<li>analiza migracije,<\/li>\n<li>analiza potro\u0161a\u010dke korpe (Market basket analysis),<\/li>\n<li>analiza sljede\u0107eg najboljeg proizvoda (Next best product analysis),<\/li>\n<li>potpora odlu\u010divanju,<\/li>\n<li>bodovanje,<\/li>\n<li>otkrivanje prijevara.<\/li>\n<\/ul>\n<\/li>\n<li>Valicon nudi:\n<ul>\n<li>edukaciju i podr\u0161ku klijentima,<\/li>\n<li>instalaciju, implementaciju i integraciju informacijskih sistema,<\/li>\n<li>modeliranje i interpretaciju rezultata,<\/li>\n<li>poslovno savjetovanje i podr\u0161ku.<\/li>\n<\/ul>\n<\/li>\n<\/ul>\n","protected":false},"excerpt":{"rendered":"<p>Valicon je IBM Business Partner od 2010. godine. Valicon je napredni poslovni partner IBM (IBM Advanced Business Partner). Pru\u017eamo usluge i podr\u0161ku. Ovla\u0161teni smo partner za software opremu kompanije Value Plus. Valicon je certificirani prodava\u010d i pru\u017eatelj usluga za proizvode: IBM SPSS Statistics, IBM SPSS Modeler. Kao IBM Business Partner nudimo certificirane usluge, koje uklju\u010duju: [&hellip;]<\/p>\n","protected":false},"author":9,"featured_media":0,"parent":0,"menu_order":0,"comment_status":"closed","ping_status":"closed","template":"","meta":[],"acf":[],"aioseo_notices":[],"_links":{"self":[{"href":"https:\/\/oldwww.valicon.net\/bs\/wp-json\/wp\/v2\/pages\/5227\/"}],"collection":[{"href":"https:\/\/oldwww.valicon.net\/bs\/wp-json\/wp\/v2\/pages\/"}],"about":[{"href":"https:\/\/oldwww.valicon.net\/bs\/wp-json\/wp\/v2\/types\/page\/"}],"author":[{"embeddable":true,"href":"https:\/\/oldwww.valicon.net\/bs\/wp-json\/wp\/v2\/users\/9\/"}],"replies":[{"embeddable":true,"href":"https:\/\/oldwww.valicon.net\/bs\/wp-json\/wp\/v2\/comments\/?post=5227"}],"version-history":[{"count":4,"href":"https:\/\/oldwww.valicon.net\/bs\/wp-json\/wp\/v2\/pages\/5227\/revisions\/"}],"predecessor-version":[{"id":6475,"href":"https:\/\/oldwww.valicon.net\/bs\/wp-json\/wp\/v2\/pages\/5227\/revisions\/6475\/"}],"wp:attachment":[{"href":"https:\/\/oldwww.valicon.net\/bs\/wp-json\/wp\/v2\/media\/?parent=5227"}],"curies":[{"name":"wp","href":"https:\/\/api.w.org\/{rel}","templated":true}]}}