{"id":5220,"date":"2016-05-17T08:17:16","date_gmt":"2016-05-17T08:17:16","guid":{"rendered":"http:\/\/www.valicon.net\/esomar-clani-2\/"},"modified":"2018-10-03T11:47:39","modified_gmt":"2018-10-03T11:47:39","slug":"esomar-clani-2","status":"publish","type":"page","link":"https:\/\/oldwww.valicon.net\/bs\/esomar-clani-2\/","title":{"rendered":"\u010clanovi ESOMAR"},"content":{"rendered":"<p style=\"text-align: center;\"><a href=\"http:\/\/www.valicon.net\/wp-content\/uploads\/2016\/05\/logo-esomar.png\" data-rel=\"lightbox-image-0\" data-rl_title=\"\" data-rl_caption=\"\" title=\"\"><img loading=\"lazy\" class=\"alignnone size-full wp-image-4070\" src=\"http:\/\/www.valicon.net\/wp-content\/uploads\/2016\/05\/logo-esomar.png\" alt=\"logo-esomar\" width=\"265\" height=\"93\" \/><\/a><\/p>\n<p>&nbsp;<\/p>\n<p>Valicon je \u010dlan ESOMAR organizacije, a na\u0161i uredi u Zagrebu, Beogradu i Sarajevu tako\u0111er su \u010dlanovi ESOMAR-a.<\/p>\n<p><strong>O ESOMAR-u<\/strong><\/p>\n<p>ESOMAR je jedna od vode\u0107ih organizacija za poticanje, podizanje i unaprje\u0111enje istra\u017eivanja tr\u017ei\u0161ta \u0161irom svijeta. Od 1948. godine ESOMAR ima za cilj promicanje vrijednosti istra\u017eivanja tr\u017ei\u0161ta i mnijenja, uz u\u010dinkovito dono\u0161enje odluka. ESOMAR omogu\u0107ava dijalog sa svojih 4.900 \u010dlanova, u vi\u0161e od 130 zemalja, rade\u0107i promocije sveobuhvatnog programa, specifi\u010dne i tematske konferencije, objavljuje publikacije i ukazuje na najbolju praksu. ESOMAR tako\u0111er pru\u017ea eti\u010dke smjernice i aktivno promovira samoregulacije u partnerstvu, sa brojnim udru\u017eenjima \u0161irom svijeta. Kliknite ovdje za vi\u0161e informacija o <a href=\"https:\/\/www.esomar.org\/\">ESOMAR<\/a>-u kao i o\u00a0<a href=\"https:\/\/www.esomar.org\/community\/our-community\">ESOMAR \u010clanstvu<\/a><\/p>\n<p><strong>ESOMAR \u010clanstvo<\/strong><\/p>\n<p>ESOMAR nudi korporativno \u010dlanstvo za bilo koju istra\u017eiva\u010dku agenciju ili klijentsku kompaniju koja \u017eeli ozna\u010diti svoju predanost industriji i eti\u010dkoj praksi. ESOMAR svojim \u010dlanovima omogu\u0107ava profesionalnost i rast kompanija kroz kredibilitet.Globalne smjernice samoregulacije za istra\u017eiva\u010de detaljnije su opisane u <a href=\"https:\/\/www.esomar.org\/uploads\/public\/knowledge-and-standards\/codes-and-guidelines\/ICCESOMAR_Code_English_.pdf\">ESOMAR Intrernacionalnom kodeksu<\/a>. Kodeks pru\u017ea metodolo\u0161ke, profesionalne i eti\u010dke standarde u istra\u017eivanju. \u0160titi prava istra\u017eiva\u010da i klijenata, kao i prava ispitanika.<\/p>\n<p>Klju\u010dne ta\u010dke koje govore o Kodeksu, a odnose se na ispitanike su:<\/p>\n<ul>\n<li>ispitanici mogu sami donijeti odluku o sudjelovanju ili ne sudjelovanju u istra\u017eivanju<\/li>\n<li>Njihovi osobni podaci ne bi trebali biti prezentovani tre\u0107oj strani<\/li>\n<li>Ispitanici se u bilo kom momentu mogu povu\u0107i iz istra\u017eivanja i odbiti da daju odgovor na bilo koje pitanje<\/li>\n<li>Kodeks tako\u0111er reguli\u0161e u\u010destvovanje maloljetnika<\/li>\n<li>Kodeks je podre\u0111en svim primjenljivim zakonima i standardima u svakoj zemlji<\/li>\n<\/ul>\n<p>&nbsp;<\/p>\n","protected":false},"excerpt":{"rendered":"<p>&nbsp; Valicon je \u010dlan ESOMAR organizacije, a na\u0161i uredi u Zagrebu, Beogradu i Sarajevu tako\u0111er su \u010dlanovi ESOMAR-a. O ESOMAR-u ESOMAR je jedna od vode\u0107ih organizacija za poticanje, podizanje i unaprje\u0111enje istra\u017eivanja tr\u017ei\u0161ta \u0161irom svijeta. Od 1948. godine ESOMAR ima za cilj promicanje vrijednosti istra\u017eivanja tr\u017ei\u0161ta i mnijenja, uz u\u010dinkovito dono\u0161enje odluka. ESOMAR omogu\u0107ava dijalog [&hellip;]<\/p>\n","protected":false},"author":9,"featured_media":0,"parent":0,"menu_order":0,"comment_status":"closed","ping_status":"closed","template":"","meta":[],"acf":[],"aioseo_notices":[],"_links":{"self":[{"href":"https:\/\/oldwww.valicon.net\/bs\/wp-json\/wp\/v2\/pages\/5220\/"}],"collection":[{"href":"https:\/\/oldwww.valicon.net\/bs\/wp-json\/wp\/v2\/pages\/"}],"about":[{"href":"https:\/\/oldwww.valicon.net\/bs\/wp-json\/wp\/v2\/types\/page\/"}],"author":[{"embeddable":true,"href":"https:\/\/oldwww.valicon.net\/bs\/wp-json\/wp\/v2\/users\/9\/"}],"replies":[{"embeddable":true,"href":"https:\/\/oldwww.valicon.net\/bs\/wp-json\/wp\/v2\/comments\/?post=5220"}],"version-history":[{"count":6,"href":"https:\/\/oldwww.valicon.net\/bs\/wp-json\/wp\/v2\/pages\/5220\/revisions\/"}],"predecessor-version":[{"id":7502,"href":"https:\/\/oldwww.valicon.net\/bs\/wp-json\/wp\/v2\/pages\/5220\/revisions\/7502\/"}],"wp:attachment":[{"href":"https:\/\/oldwww.valicon.net\/bs\/wp-json\/wp\/v2\/media\/?parent=5220"}],"curies":[{"name":"wp","href":"https:\/\/api.w.org\/{rel}","templated":true}]}}