{"id":4547,"date":"2017-03-06T14:35:06","date_gmt":"2017-03-06T14:35:06","guid":{"rendered":"http:\/\/www.valicon.net\/?page_id=4547\/"},"modified":"2019-06-27T13:18:17","modified_gmt":"2019-06-27T13:18:17","slug":"valiconov-nacin","status":"publish","type":"page","link":"https:\/\/oldwww.valicon.net\/bs\/o-nama\/valiconov-nacin\/","title":{"rendered":"Valicon na\u010din"},"content":{"rendered":"<p>Valicon je marketing i konsalting kompanija, s vi\u0161egodi\u0161njim iskustvom na podru\u010dju istra\u017eivanja tr\u017ei\u0161ta. Provodimo regionalne strategije na lokalnim tr\u017ei\u0161tima i vjerujemo u dugoro\u010dne partnerske odnose sa na\u0161im klijentima. Mi ne prodajemo samo istra\u017eivanja i prikupljanje. Na\u0161e metodologije sa <em>in-house<\/em> razvijenim tehni\u010dkim rje\u0161enjima, izdvajaju nas i na\u0161u posve\u0107enost u rastu vrijednosti Va\u0161eg poslovanja. Kombinujemo razli\u010dite pristupe i iskustva iz Marketing istra\u017eivanja, Analitike, Automatizacije, kao i prikupljanja podataka, kako bi na\u0161im klijetnima pru\u017eili visoko kvalitetne i vrijedne rezultate.<\/p>\n<p>Oslanjamo se na provjerenu strukturu, gdje sva na\u0161a rje\u0161enja prate cikluse aktivnosti Va\u0161eg brenda, proizvoda ili kompanije.<\/p>\n<p><strong>Provjerena struktura:<\/strong><\/p>\n<p><a href=\"http:\/\/www.valicon.net\/wp-content\/uploads\/2015\/10\/valicon_way_srb.png\" data-rel=\"lightbox-image-0\" data-rl_title=\"\" data-rl_caption=\"\" title=\"\"><img loading=\"lazy\" class=\"aligncenter wp-image-5882\" src=\"http:\/\/www.valicon.net\/wp-content\/uploads\/2015\/10\/valicon_way_srb-300x166.png\" alt=\"\" width=\"600\" height=\"333\" srcset=\"https:\/\/oldwww.valicon.net\/wp-content\/uploads\/2015\/10\/valicon_way_srb-300x166.png 300w, https:\/\/oldwww.valicon.net\/wp-content\/uploads\/2015\/10\/valicon_way_srb-768x426.png 768w, https:\/\/oldwww.valicon.net\/wp-content\/uploads\/2015\/10\/valicon_way_srb.png 772w\" sizes=\"(max-width: 600px) 100vw, 600px\" \/><\/a><\/p>\n<h2>Uvid (Tr\u017ei\u0161te, kategorije &amp; potro\u0161a\u010di)<\/h2>\n<p>Superiorno razumijevanje tr\u017ei\u0161ta donosi konkurentsku prednost u bilo kojoj industriji.<\/p>\n<p>Po\u010dinjemo sa tr\u017ei\u0161nim uvidima kroz dostupne podatke i izvore informacija, kao i in-depth (dubinsko) dekodiranje pona\u0161anja potro\u0161a\u010da i odre\u0111ivanje konkurentskih pozicija.<br \/>\nSvaki uvid kreira jedinstven pregled, koji je naj\u010de\u0161\u0107e prilago\u0111en i ne direktno primjenljiv na razli\u010dita tr\u017ei\u0161ta, industrije, kategorije, skupine potro\u0161a\u010da.<\/p>\n<h2><strong>Poslovni model<\/strong><\/h2>\n<p>Koristimo poslovni model Canvas kao strate\u0161ko-upravlja\u010dki obrazac za razvoj novih ili dokumentiranje postoje\u0107ih poslovnih modela. To je vizualni grafikon sa elementima koji opisuju ponudu vrijednosti, infrastrukturu, kupce i finansije kompanije ili proizvoda. Canvas poma\u017ee kompanijama u uskla\u0111ivanju njihovih aktivnosti, ilustriraju\u0107i potencijalne kompromise.<\/p>\n<h2>Strate\u0161ka segmentacija<\/h2>\n<p>Moramo znati koji su segmenti ciljnih potro\u0161a\u010da relevantni, a koje \u0107emo isklju\u010diti. Potencijalna vrijednost i takmi\u010darski intenzitet moraju se procijeniti.\u00a0 Zato je potrebno podijeliti \u0161iroko ciljno tr\u017ei\u0161te u podskupine potro\u0161a\u010da, kompanija ili zemalja, a zatim dizajnirati i implementirati strategije za njihovo efektivno ciljanje. Razumijevanje segmentacija i njenih vrijednosti, predispozicija su za bilo koji portfolio \/ proizvod \/ uslugu ili razvoj.<\/p>\n<h2>Koncepti razvoja &amp; pozicioniranja<\/h2>\n<p>Razumijevaju\u0107i segmentaciju i njene vrijednosti, razvija se koncept brenda \/ proizvoda \/ usluge. Kroz specijalizirani pristup i tehnike, mo\u017eemo pozicionirati na\u0161e brendove ili proizvode i iste pribli\u017eiti ciljnim potro\u0161a\u010dima, te posti\u0107i tr\u017ei\u0161nu superiornost. Koristimo nekoliko vrsta istra\u017eivanja vezanih uz razvoj, testiranje koncepta i brendiranje, kako bismo optimizirali razvojni ciklus.<\/p>\n<h2>Marketing Miks optimizacija<\/h2>\n<p>Marketing miks je presudan pri odre\u0111ivanju ponude proizvoda ili brenda, a \u010desto je povezan s \u010detiri elementa: cijena, proizvod, promocija i distribucija. No, savremena odluka o ciljanom potro\u0161a\u010du (i \/ ili poslovanju), postala je mnogo slo\u017eenija.<\/p>\n<p>Mapirali smo bodove iskustva (experience points) u putovanju kupaca sa ciljem optimiziranja korisni\u010dkog iskustva u procesu kupovine, kao i u procesima upravljanja menad\u017ementom. Cilj je maksimiziranje ROI-a.<\/p>\n<h2>Marketing u realnom vremenu<\/h2>\n<p>Savremeni svijet postao je digitalni svijet i pristup kupcu nikada nije bio direktniji. Stoga je brzina postala vrlina, a razlog je samo vrijeme fokusiranja, odnosno pa\u017enja kupca koja je ograni\u010dena. Stoga nudimo \u201con-the-fly\u201d (na licu mjesta) na\u010din rada, odnosno metodu za prikupljanje povratnih informacija, kao i relevantnih korisni\u010dkih profila, ja\u010daju\u0107i samim tim na\u0161e iskustvo u prikupljanju podataka i analitici. Kao rezultat, na\u0161im klijentima omogu\u0107avamo da pove\u0107aju svoju priliku za prodaju, uz personaliziranu i relevantnu ponudu za krajnjeg kupca.<\/p>\n<h2>Iskustvo u upravljanju<\/h2>\n<p>Definisali smo segmente, identificirali i pozicionirali brend, te postavili standarde u iskustvu upravljanja. Sada implementiramo klju\u010dne indikatore za pra\u0107enje i evaluaciju relevantnih aspekata uspje\u0161nosti.<\/p>\n","protected":false},"excerpt":{"rendered":"<p>Valicon je marketing i konsalting kompanija, s vi\u0161egodi\u0161njim iskustvom na podru\u010dju istra\u017eivanja tr\u017ei\u0161ta. Provodimo regionalne strategije na lokalnim tr\u017ei\u0161tima i vjerujemo u dugoro\u010dne partnerske odnose sa na\u0161im klijentima. Mi ne prodajemo samo istra\u017eivanja i prikupljanje. Na\u0161e metodologije sa in-house razvijenim tehni\u010dkim rje\u0161enjima, izdvajaju nas i na\u0161u posve\u0107enost u rastu vrijednosti Va\u0161eg poslovanja. Kombinujemo razli\u010dite pristupe [&hellip;]<\/p>\n","protected":false},"author":9,"featured_media":0,"parent":4511,"menu_order":25,"comment_status":"closed","ping_status":"closed","template":"","meta":[],"acf":[],"aioseo_notices":[],"_links":{"self":[{"href":"https:\/\/oldwww.valicon.net\/bs\/wp-json\/wp\/v2\/pages\/4547\/"}],"collection":[{"href":"https:\/\/oldwww.valicon.net\/bs\/wp-json\/wp\/v2\/pages\/"}],"about":[{"href":"https:\/\/oldwww.valicon.net\/bs\/wp-json\/wp\/v2\/types\/page\/"}],"author":[{"embeddable":true,"href":"https:\/\/oldwww.valicon.net\/bs\/wp-json\/wp\/v2\/users\/9\/"}],"replies":[{"embeddable":true,"href":"https:\/\/oldwww.valicon.net\/bs\/wp-json\/wp\/v2\/comments\/?post=4547"}],"version-history":[{"count":5,"href":"https:\/\/oldwww.valicon.net\/bs\/wp-json\/wp\/v2\/pages\/4547\/revisions\/"}],"predecessor-version":[{"id":10443,"href":"https:\/\/oldwww.valicon.net\/bs\/wp-json\/wp\/v2\/pages\/4547\/revisions\/10443\/"}],"up":[{"embeddable":true,"href":"https:\/\/oldwww.valicon.net\/bs\/wp-json\/wp\/v2\/pages\/4511\/"}],"wp:attachment":[{"href":"https:\/\/oldwww.valicon.net\/bs\/wp-json\/wp\/v2\/media\/?parent=4547"}],"curies":[{"name":"wp","href":"https:\/\/api.w.org\/{rel}","templated":true}]}}