{"id":4506,"date":"2015-10-22T11:35:28","date_gmt":"2015-10-22T11:35:28","guid":{"rendered":"http:\/\/www.valicon.net\/?page_id=4506\/"},"modified":"2020-04-06T12:29:00","modified_gmt":"2020-04-06T12:29:00","slug":"o-valiconu","status":"publish","type":"page","link":"https:\/\/oldwww.valicon.net\/bs\/o-nama\/o-valiconu\/","title":{"rendered":"O Valiconu"},"content":{"rendered":"<p>Mi smo kompanija koja nudi usluge marketinga, savjetovanja i koja ima dugogodi\u0161nje iskustvo koje crpi iz istra\u017eivanja marketinga<\/p>\n<p>Na\u0161a znanja i vje\u0161tine su raspore\u0111ene u razli\u010ditim disciplinama: brand management, poslovno savjetovanje, razvoj i inovacije, mediji, predvi\u0111anje trendova, online strategije, CRM i ruderanja podataka. Ove marketing i poslovne vje\u0161tine daju nam dublji uvid u industriju, \u0161to nam poma\u017ee da savjetujemo na\u0161e klijente u njihovom poslovnom odlu\u010divanju. Mi smo specijalizirani za mala tr\u017ei\u0161ta i nudimo na\u0161im klijentima prilago\u0111ena i standardizirana rje\u0161enja. Isti\u010demo se kroz napredne tehnologije iz vlastitog tehnolo\u0161kog razvoja i poznavanje industrije klijenata sa kojima sara\u0111ujemo. Na\u0161 uspjeh je rezultat dobrih odnosa s na\u0161im klijentima, regionalnim partnerima i lokalnim zajednicama.<\/p>\n<h2><strong>Za\u0161to Valicon?<\/strong><\/h2>\n<h3>Dodajemo vrijednost procesu dono\u0161enja odluka na\u0161eg klijenta<\/h3>\n<p>Mi dodajemo vrijednost procesu dono\u0161enja odluka na\u0161ih klijenata na\u0161im sveobuhvatnim pristupom u marketin\u0161kim izazovima. Dodatna vrijednost nastaje na osnovi sveobuhvatne analize i kori\u0161tenja svih relevantnih podataka o tr\u017ei\u0161tu i korisnicima.<\/p>\n<h3><strong>Mi smo odli\u010dan tim<\/strong><\/h3>\n<p>Mi smo grupa izuzetnih pojedinaca koja predstavlja odli\u010dan tim, zajedno sa na\u0161im ambicioznim klijentima, u stanju smo prevazi\u0107i \u010dak i najzahtjevnije izazove. Po\u017ertvovanost, rad i inovacije poma\u017eu da pomaknamo granice mogu\u0107eg.<\/p>\n<h3><strong>Gradimo dugoro\u010dna partnerstva<\/strong><\/h3>\n<p>Dugoro\u010dno partnerstvo se temelji na me\u0111usobnom po\u0161tovanju, povjerenju i rastu. Mi smo sposobni i \u017eeljni prilagoditi se situaciji na tr\u017ei\u0161tu, kako bi postigli na\u0161 zajedni\u010dki cilj.<\/p>\n<h3><strong>Ponosni smo na uspjehu na\u0161ih klijenata<\/strong><\/h3>\n<p>Mi cijenimo znanje, stru\u010dnost, kvalitet i efikasnost. Ovako kvalitetne rezultate rada postigli smo zajedno u saradnji sa na\u0161im klijentima. Veoma smo zadovoljni zbog toga.<\/p>\n<h3><strong>Mi smo inovativni i tehni\u010dki napredni<\/strong><\/h3>\n<p>Nastavljamo predstavljati nova znanja, tehnologije i inovativne poslovne ideje u cilju stvaranja modernih i efikasnih rje\u0161enja za na\u0161e klijente. Stavljamo veliki naglasak na vlastiti IT razvoj rje\u0161enja &#8211; mi imamo vlastiti softver za &#8220;AI Supported Interviewing&#8221;, koji podr\u017eava sve kompjuterske oblike prikupljanja podataka. To nam daje najbolja rje\u0161enja i poma\u017ee u podr\u0161ci svih modernih metoda.<\/p>\n<p>Mi smo pioniri regije:<\/p>\n<ul>\n<li>Prvo komercijalno online istrazivanje u regiji\u00a0(1996);<\/li>\n<li>Prvi komercijalni CATI centar u Sloveniji;<\/li>\n<li>Prvo prikupljanje podataka sa PDA uredjajima u regiji<\/li>\n<li>Interno razvijen sistem upravljanja online panelom;<\/li>\n<li>Interno razvijen alat za analizu podataka &#8211; Omniview;<\/li>\n<li>Smart Profiler \u2013 inovativna platforma koja se lako integri\u0161e sa CRM sistemima i pru\u017ea dodatne podatke o kupcima i klijentima.<\/li>\n<\/ul>\n","protected":false},"excerpt":{"rendered":"<p>Mi smo kompanija koja nudi usluge marketinga, savjetovanja i koja ima dugogodi\u0161nje iskustvo koje crpi iz istra\u017eivanja marketinga Na\u0161a znanja i vje\u0161tine su raspore\u0111ene u razli\u010ditim disciplinama: brand management, poslovno savjetovanje, razvoj i inovacije, mediji, predvi\u0111anje trendova, online strategije, CRM i ruderanja podataka. Ove marketing i poslovne vje\u0161tine daju nam dublji uvid u industriju, \u0161to [&hellip;]<\/p>\n","protected":false},"author":1,"featured_media":0,"parent":4511,"menu_order":2,"comment_status":"closed","ping_status":"closed","template":"","meta":[],"acf":[],"aioseo_notices":[],"_links":{"self":[{"href":"https:\/\/oldwww.valicon.net\/bs\/wp-json\/wp\/v2\/pages\/4506\/"}],"collection":[{"href":"https:\/\/oldwww.valicon.net\/bs\/wp-json\/wp\/v2\/pages\/"}],"about":[{"href":"https:\/\/oldwww.valicon.net\/bs\/wp-json\/wp\/v2\/types\/page\/"}],"author":[{"embeddable":true,"href":"https:\/\/oldwww.valicon.net\/bs\/wp-json\/wp\/v2\/users\/1\/"}],"replies":[{"embeddable":true,"href":"https:\/\/oldwww.valicon.net\/bs\/wp-json\/wp\/v2\/comments\/?post=4506"}],"version-history":[{"count":7,"href":"https:\/\/oldwww.valicon.net\/bs\/wp-json\/wp\/v2\/pages\/4506\/revisions\/"}],"predecessor-version":[{"id":10441,"href":"https:\/\/oldwww.valicon.net\/bs\/wp-json\/wp\/v2\/pages\/4506\/revisions\/10441\/"}],"up":[{"embeddable":true,"href":"https:\/\/oldwww.valicon.net\/bs\/wp-json\/wp\/v2\/pages\/4511\/"}],"wp:attachment":[{"href":"https:\/\/oldwww.valicon.net\/bs\/wp-json\/wp\/v2\/media\/?parent=4506"}],"curies":[{"name":"wp","href":"https:\/\/api.w.org\/{rel}","templated":true}]}}